{"id":944,"date":"2017-02-16T16:29:53","date_gmt":"2017-02-16T15:29:53","guid":{"rendered":"http:\/\/www.h-trap.net\/?page_id=944\/"},"modified":"2019-05-01T16:45:15","modified_gmt":"2019-05-01T14:45:15","slug":"media","status":"publish","type":"page","link":"https:\/\/www.h-trap.net\/nb\/media\/","title":{"rendered":"Media"},"content":{"rendered":"<h2><img fetchpriority=\"high\" decoding=\"async\" class=\"alignnone size-full wp-image-213\" src=\"\/\/www.h-trap.net\/wp-content\/uploads\/2016\/04\/Htrap_media.jpg\" alt=\"Htrap_media\" width=\"1040\" height=\"406\" srcset=\"https:\/\/www.h-trap.net\/wp-content\/uploads\/2016\/04\/Htrap_media.jpg 1040w, https:\/\/www.h-trap.net\/wp-content\/uploads\/2016\/04\/Htrap_media-300x117.jpg 300w, https:\/\/www.h-trap.net\/wp-content\/uploads\/2016\/04\/Htrap_media-768x300.jpg 768w, https:\/\/www.h-trap.net\/wp-content\/uploads\/2016\/04\/Htrap_media-1024x400.jpg 1024w\" sizes=\"(max-width: 1040px) 100vw, 1040px\" \/><\/h2>\n<div class=\"row clearfix\">\n<div class=\"box two \">\n<h2>Klegg er en sv\u00e6rt smertefull plage n\u00e5r de bite mennesker og dyr for \u00e5 f\u00e5 blod.<\/h2>\n<p>Deres larver dvaler i fuktige forhold rundt vassdrag, innsj\u00f8er eller dammer eller myr. De voksne dukker opp fra april og utover, og presentere en konstant irritasjon til hester, storfe og mennesker som er i n\u00e6rheten.<\/p>\n<p>H-Trap\u00a0er unikt utviklet\u00a0for \u00e5 dra nytte av den naturlige klegg atferd. Uavhengige tester viser en 90- 95% reduksjon i\u00a0bestanden.<\/p>\n<p>V\u00e5re\u00a0<a href=\"https:\/\/www.h-trap.net\/nb\/media\/images\/\" target=\"_blank\" rel=\"noopener noreferrer\"><strong>images<\/strong><\/a>\u00a0 vil gi deg en indikasjon p\u00e5 i hvilke milj\u00f8er H-trap vil fungere best. I v\u00e5r\u00a0<a href=\"https:\/\/www.h-trap.net\/nb\/media\/video\/\" target=\"_blank\" rel=\"noopener noreferrer\"><strong>video<\/strong><\/a>\u00a0 kan du se hvordan H-trap vil best beskytte hesten din mot klegg.<\/p>\n<\/div>\n<div class=\"box two \">\n\n\t\t<blockquote class=\"pullquote alignright\" data-rt-animate=\"animate\" data-rt-animation-type=\"fadeInDown\" data-rt-animation-group=\"single\">\n<h3 style=\"text-align: center;\"><a href=\"https:\/\/www.h-trap.net\/nb\/media\/images\/\">Bilder<\/a><\/h3>\n<\/blockquote>\n\t\n\n\t\t<blockquote class=\"pullquote alignright\" data-rt-animate=\"animate\" data-rt-animation-type=\"fadeInDown\" data-rt-animation-group=\"single\">\n<h3 style=\"text-align: center;\"><a href=\"https:\/\/www.h-trap.net\/nb\/media\/video\/\">Video<\/a><\/h3>\n<\/blockquote>\n\t\n\n\t\t<blockquote class=\"pullquote alignright\" data-rt-animate=\"animate\" data-rt-animation-type=\"fadeInDown\" data-rt-animation-group=\"single\">\n<h3 style=\"text-align: center;\"><a href=\"https:\/\/www.h-trap.net\/nb\/media\/handbok-brosjyrer-rapporter\/\">H\u00e5ndbok &#8211; Brosjyrer &#8211; Rapporter<\/a><\/h3>\n<\/blockquote>\n\t\n<\/div>\n<\/div>\n","protected":false},"excerpt":{"rendered":"","protected":false},"author":1,"featured_media":0,"parent":0,"menu_order":0,"comment_status":"closed","ping_status":"closed","template":"","meta":{"footnotes":""},"class_list":["post-944","page","type-page","status-publish","hentry"],"yoast_head":"<!-- This site is optimized with the Yoast SEO plugin v27.3 - https:\/\/yoast.com\/product\/yoast-seo-wordpress\/ -->\n<title>Media - The professional horsefly control system<\/title>\n<meta name=\"robots\" content=\"index, follow, max-snippet:-1, max-image-preview:large, max-video-preview:-1\" \/>\n<link rel=\"canonical\" href=\"https:\/\/www.h-trap.net\/nb\/media\/\" \/>\n<meta property=\"og:locale\" content=\"nb_NO\" \/>\n<meta property=\"og:type\" content=\"article\" \/>\n<meta property=\"og:title\" content=\"Media - The professional horsefly control system\" \/>\n<meta property=\"og:url\" content=\"https:\/\/www.h-trap.net\/nb\/media\/\" \/>\n<meta property=\"og:site_name\" content=\"The professional horsefly control system\" \/>\n<meta property=\"article:modified_time\" content=\"2019-05-01T14:45:15+00:00\" \/>\n<meta property=\"og:image\" content=\"\/\/www.h-trap.net\/wp-content\/uploads\/2016\/04\/Htrap_media.jpg\" \/>\n<meta name=\"twitter:card\" content=\"summary_large_image\" \/>\n<meta name=\"twitter:label1\" content=\"Ansl. lesetid\" \/>\n\t<meta name=\"twitter:data1\" content=\"1 minutt\" \/>\n<script type=\"application\/ld+json\" class=\"yoast-schema-graph\">{\"@context\":\"https:\\\/\\\/schema.org\",\"@graph\":[{\"@type\":\"WebPage\",\"@id\":\"https:\\\/\\\/www.h-trap.net\\\/nb\\\/media\\\/\",\"url\":\"https:\\\/\\\/www.h-trap.net\\\/nb\\\/media\\\/\",\"name\":\"Media - The professional horsefly control system\",\"isPartOf\":{\"@id\":\"https:\\\/\\\/www.h-trap.net\\\/#website\"},\"datePublished\":\"2017-02-16T15:29:53+00:00\",\"dateModified\":\"2019-05-01T14:45:15+00:00\",\"breadcrumb\":{\"@id\":\"https:\\\/\\\/www.h-trap.net\\\/nb\\\/media\\\/#breadcrumb\"},\"inLanguage\":\"nb-NO\",\"potentialAction\":[{\"@type\":\"ReadAction\",\"target\":[\"https:\\\/\\\/www.h-trap.net\\\/nb\\\/media\\\/\"]}]},{\"@type\":\"BreadcrumbList\",\"@id\":\"https:\\\/\\\/www.h-trap.net\\\/nb\\\/media\\\/#breadcrumb\",\"itemListElement\":[{\"@type\":\"ListItem\",\"position\":1,\"name\":\"Home\",\"item\":\"https:\\\/\\\/www.h-trap.net\\\/nb\\\/\"},{\"@type\":\"ListItem\",\"position\":2,\"name\":\"Media\"}]},{\"@type\":\"WebSite\",\"@id\":\"https:\\\/\\\/www.h-trap.net\\\/#website\",\"url\":\"https:\\\/\\\/www.h-trap.net\\\/\",\"name\":\"The professional horsefly control system\",\"description\":\"\",\"publisher\":{\"@id\":\"https:\\\/\\\/www.h-trap.net\\\/#organization\"},\"potentialAction\":[{\"@type\":\"SearchAction\",\"target\":{\"@type\":\"EntryPoint\",\"urlTemplate\":\"https:\\\/\\\/www.h-trap.net\\\/?s={search_term_string}\"},\"query-input\":{\"@type\":\"PropertyValueSpecification\",\"valueRequired\":true,\"valueName\":\"search_term_string\"}}],\"inLanguage\":\"nb-NO\"},{\"@type\":\"Organization\",\"@id\":\"https:\\\/\\\/www.h-trap.net\\\/#organization\",\"name\":\"The professional horsefly control system\",\"url\":\"https:\\\/\\\/www.h-trap.net\\\/\",\"logo\":{\"@type\":\"ImageObject\",\"inLanguage\":\"nb-NO\",\"@id\":\"https:\\\/\\\/www.h-trap.net\\\/#\\\/schema\\\/logo\\\/image\\\/\",\"url\":\"https:\\\/\\\/www.h-trap.net\\\/wp-content\\\/uploads\\\/2019\\\/04\\\/H-trap_logo.jpg\",\"contentUrl\":\"https:\\\/\\\/www.h-trap.net\\\/wp-content\\\/uploads\\\/2019\\\/04\\\/H-trap_logo.jpg\",\"width\":250,\"height\":92,\"caption\":\"The professional horsefly control system\"},\"image\":{\"@id\":\"https:\\\/\\\/www.h-trap.net\\\/#\\\/schema\\\/logo\\\/image\\\/\"}}]}<\/script>\n<!-- \/ Yoast SEO plugin. -->","yoast_head_json":{"title":"Media - The professional horsefly control system","robots":{"index":"index","follow":"follow","max-snippet":"max-snippet:-1","max-image-preview":"max-image-preview:large","max-video-preview":"max-video-preview:-1"},"canonical":"https:\/\/www.h-trap.net\/nb\/media\/","og_locale":"nb_NO","og_type":"article","og_title":"Media - The professional horsefly control system","og_url":"https:\/\/www.h-trap.net\/nb\/media\/","og_site_name":"The professional horsefly control system","article_modified_time":"2019-05-01T14:45:15+00:00","og_image":[{"url":"\/\/www.h-trap.net\/wp-content\/uploads\/2016\/04\/Htrap_media.jpg","type":"","width":"","height":""}],"twitter_card":"summary_large_image","twitter_misc":{"Ansl. lesetid":"1 minutt"},"schema":{"@context":"https:\/\/schema.org","@graph":[{"@type":"WebPage","@id":"https:\/\/www.h-trap.net\/nb\/media\/","url":"https:\/\/www.h-trap.net\/nb\/media\/","name":"Media - The professional horsefly control system","isPartOf":{"@id":"https:\/\/www.h-trap.net\/#website"},"datePublished":"2017-02-16T15:29:53+00:00","dateModified":"2019-05-01T14:45:15+00:00","breadcrumb":{"@id":"https:\/\/www.h-trap.net\/nb\/media\/#breadcrumb"},"inLanguage":"nb-NO","potentialAction":[{"@type":"ReadAction","target":["https:\/\/www.h-trap.net\/nb\/media\/"]}]},{"@type":"BreadcrumbList","@id":"https:\/\/www.h-trap.net\/nb\/media\/#breadcrumb","itemListElement":[{"@type":"ListItem","position":1,"name":"Home","item":"https:\/\/www.h-trap.net\/nb\/"},{"@type":"ListItem","position":2,"name":"Media"}]},{"@type":"WebSite","@id":"https:\/\/www.h-trap.net\/#website","url":"https:\/\/www.h-trap.net\/","name":"The professional horsefly control system","description":"","publisher":{"@id":"https:\/\/www.h-trap.net\/#organization"},"potentialAction":[{"@type":"SearchAction","target":{"@type":"EntryPoint","urlTemplate":"https:\/\/www.h-trap.net\/?s={search_term_string}"},"query-input":{"@type":"PropertyValueSpecification","valueRequired":true,"valueName":"search_term_string"}}],"inLanguage":"nb-NO"},{"@type":"Organization","@id":"https:\/\/www.h-trap.net\/#organization","name":"The professional horsefly control system","url":"https:\/\/www.h-trap.net\/","logo":{"@type":"ImageObject","inLanguage":"nb-NO","@id":"https:\/\/www.h-trap.net\/#\/schema\/logo\/image\/","url":"https:\/\/www.h-trap.net\/wp-content\/uploads\/2019\/04\/H-trap_logo.jpg","contentUrl":"https:\/\/www.h-trap.net\/wp-content\/uploads\/2019\/04\/H-trap_logo.jpg","width":250,"height":92,"caption":"The professional horsefly control system"},"image":{"@id":"https:\/\/www.h-trap.net\/#\/schema\/logo\/image\/"}}]}},"_links":{"self":[{"href":"https:\/\/www.h-trap.net\/nb\/wp-json\/wp\/v2\/pages\/944","targetHints":{"allow":["GET"]}}],"collection":[{"href":"https:\/\/www.h-trap.net\/nb\/wp-json\/wp\/v2\/pages"}],"about":[{"href":"https:\/\/www.h-trap.net\/nb\/wp-json\/wp\/v2\/types\/page"}],"author":[{"embeddable":true,"href":"https:\/\/www.h-trap.net\/nb\/wp-json\/wp\/v2\/users\/1"}],"replies":[{"embeddable":true,"href":"https:\/\/www.h-trap.net\/nb\/wp-json\/wp\/v2\/comments?post=944"}],"version-history":[{"count":6,"href":"https:\/\/www.h-trap.net\/nb\/wp-json\/wp\/v2\/pages\/944\/revisions"}],"predecessor-version":[{"id":2474,"href":"https:\/\/www.h-trap.net\/nb\/wp-json\/wp\/v2\/pages\/944\/revisions\/2474"}],"wp:attachment":[{"href":"https:\/\/www.h-trap.net\/nb\/wp-json\/wp\/v2\/media?parent=944"}],"curies":[{"name":"wp","href":"https:\/\/api.w.org\/{rel}","templated":true}]}}