{"id":580,"date":"2017-01-03T13:22:56","date_gmt":"2017-01-03T12:22:56","guid":{"rendered":"http:\/\/www.h-trap.net\/?page_id=580\/"},"modified":"2026-04-21T16:33:09","modified_gmt":"2026-04-21T14:33:09","slug":"wie-funktioniert-es","status":"publish","type":"page","link":"https:\/\/www.h-trap.net\/de\/wie-funktioniert-es\/","title":{"rendered":"Wie funktioniert es?"},"content":{"rendered":"<h2><img fetchpriority=\"high\" decoding=\"async\" class=\"wp-image-4144 alignnone\" src=\"https:\/\/www.h-trap.net\/wp-content\/uploads\/2026\/04\/H-trap-blue_stable-homepage-h-trap.jpg\" alt=\"\" width=\"1037\" height=\"406\" \/><\/h2>\n<div class=\"row clearfix\">\n<div class=\"box two \">\n<h1>Hochwirksam gegen Bremsen.<\/h1>\n<p><strong>Sch\u00fctzen Sie Ihre Pferde, Reiter und Trainer mit unserer professionellen Horse Fly Trap.<\/strong><\/p>\n<p>Es sind blutsaugende Insekten. Wenn Ihr Tier gestochen wird (z.B. Pferde oder K\u00fche) ist der Stich sp\u00fcrbar schmerzhaft, aber auch Menschen k\u00f6nnen gestochen werden..<\/p>\n<p><em>Die Trap System, Die so genannte H-Trap (H-Falle) steuert effektiv die Menge an Bremsen und reduziert sie auf ein absolutes Minimum.<\/em><\/p>\n<p style=\"text-align: left;\"><img decoding=\"async\" class=\"wp-image-4208 alignleft\" src=\"https:\/\/www.h-trap.net\/wp-content\/uploads\/2026\/04\/Blauw-zwartkap-2026-zwembad.jpg\" alt=\"\" width=\"281\" height=\"203\" \/>Die H-Falle soll drau\u00dfen aufgestellt werden und funktioniert ohne Einsatz von Chemikalien und\/oder Strom.<\/p>\n<p style=\"text-align: left;\">Gr\u00fcndliche Pr\u00fcfungen haben bewiesen, dass Bremsen in der direkten Umgebung der Falle um 90-95% reduziert werden. Bremsen verwechseln den zentral platzierten Ball mit einem gro\u00dfen Tier und fliegen hin.<\/p>\n<p style=\"text-align: left;\">Sobald sie sich auf den Ball der H-Falle setzen, f\u00e4ngt die Untersuchung des \u201eOpfers\u201c an und sie versuchen zu stechen. Da das nicht gelingt, versuchen die Bremsen weg zufliegen. Bremsen fliegen jedoch senkrecht nach oben weg.<\/p>\n<p style=\"text-align: left;\">Die H-Falle ist so konstruiert, dass die Bremsen zum zentralen Bremsenfang nach oben geleitet werden. Hieraus k\u00f6nnen sie nicht entkommen. Der Fang soll deshalb auch regelm\u00e4\u00dfig geleert werden.<\/p>\n<h1>Wie Sie das Beste aus Ihrer H-trap herausholen:<\/h1>\n<ul>\n<li>Um maximalen Erfolg beim Abfangen der Fliegen zu erzielen, stellen Sie die bevorzugten Flugbahnen zwischen den feuchten Gebieten (z.B. Teiche, Flussufer, etc.) und den Gebieten in denen sich Mensch und Tier aufhalten fest.<\/li>\n<li>Entscheiden Sie, ob mehr als eine H-trap erforderlich ist.*<\/li>\n<li>Positionieren Sie den H-trap(s) zwischen diesen Bereichen, wobei sie n\u00e4her an den Pl\u00e4tzen aufgestellt werden sollte, an denen sich die Tiere aufhalten.<\/li>\n<li>Platzieren Sie die H-Traps fr\u00fch, vorzugsweise kurz bevor die Pferdebremsen im April fliegen.<\/li>\n<li>\u00dcberpr\u00fcfen Sie die Fallen w\u00f6chentlich, Entleeren bzw. F\u00fcllen Sie diese soweit notwendig wieder mit Seifenwasser.<\/li>\n<li>Wenn die H-trap keine ausreichende Anzahl von Fliegen f\u00e4ngt, und Sie sich sicher sind, dass adulte Fliegen vorhanden sind, ver\u00e4ndern Sie den Standort der.<\/li>\n<\/ul>\n<p>*Erforderlich H-trap im Bereich<br \/>\n&#8211; max. bis zu 5 Pferde oder<br \/>\n&#8211; 10.000 m2 (100 x 100 m)<br \/>\n<\/div>\n<div class=\"box two \">\n<h1 style=\"padding-left: 120px;\">Eigenschaften:<\/h1>\n<p style=\"padding-left: 120px;\">&#8211; <span class=\"hps\" title=\"Klik voor alternatieve vertalingen\">Stahl<\/span>\u00a0<span class=\"hps\" title=\"Klik voor alternatieve vertalingen\">beschichtet<\/span><br \/>\n<span class=\"hps\" title=\"Klik voor alternatieve vertalingen\">&#8211; Wetterfeste<\/span>\u00a0<span class=\"hps\" title=\"Klik voor alternatieve vertalingen\">Konstruktion<\/span><\/p>\n<p style=\"padding-left: 120px;\"><span class=\"hps\" title=\"Klik voor alternatieve vertalingen\">&#8211; Umweltfreundliche<\/span><br \/>\n<span class=\"hps\" title=\"Klik voor alternatieve vertalingen\">&#8211; Einfache<\/span>\u00a0<span class=\"hps\" title=\"Klik voor alternatieve vertalingen\">Installation<\/span><br \/>\n<span class=\"hps\" title=\"Klik voor alternatieve vertalingen\">&#8211; Effektive\/<\/span><span class=\"hps\" title=\"Klik voor alternatieve vertalingen\">einfache<\/span>\u00a0<span class=\"hps\" title=\"Klik voor alternatieve vertalingen\">Steuerung<\/span><br \/>\n<span class=\"hps\" title=\"Klik voor alternatieve vertalingen\">&#8211; Ergonomisches<\/span>\u00a0<span class=\"hps\" title=\"Klik voor alternatieve vertalingen\">Design<\/span><\/p>\n<p><img decoding=\"async\" class=\"alignright wp-image-4197\" src=\"https:\/\/www.h-trap.net\/wp-content\/uploads\/2026\/04\/Blauw-zwartkap-2026-houtenhek.jpg\" alt=\"\" width=\"385\" height=\"285\" \/><\/p>\n<p><img loading=\"lazy\" decoding=\"async\" class=\"alignright wp-image-4219\" src=\"https:\/\/www.h-trap.net\/wp-content\/uploads\/2026\/04\/Blauw-zwartkap-2026-heg-new.jpg\" alt=\"\" width=\"385\" height=\"257\" \/><\/p>\n<\/div>\n<\/div>\n\n\t\t<blockquote class=\"pullquote alignleft\" data-rt-animate=\"animate\" data-rt-animation-type=\"fadeInDown\" data-rt-animation-group=\"single\">\n<p>Bremsen sind eine unabl\u00e4ssige Plage. Sie sind besonders aktiv zwischen Mai und Oktober in der n\u00f6rdlichen Hemisph\u00e4re.<\/p>\n<\/blockquote>\n\t\n<p>&nbsp;<\/p>\n","protected":false},"excerpt":{"rendered":"<p>&nbsp;<\/p>\n","protected":false},"author":1,"featured_media":0,"parent":0,"menu_order":0,"comment_status":"closed","ping_status":"closed","template":"","meta":{"footnotes":""},"class_list":["post-580","page","type-page","status-publish","hentry"],"yoast_head":"<!-- This site is optimized with the Yoast SEO plugin v27.4 - https:\/\/yoast.com\/product\/yoast-seo-wordpress\/ -->\n<title>Wie funktioniert es? - The professional horsefly control system<\/title>\n<meta name=\"robots\" content=\"index, follow, max-snippet:-1, max-image-preview:large, max-video-preview:-1\" \/>\n<link rel=\"canonical\" href=\"https:\/\/www.h-trap.net\/de\/wie-funktioniert-es\/\" \/>\n<meta property=\"og:locale\" content=\"de_DE\" \/>\n<meta property=\"og:type\" content=\"article\" \/>\n<meta property=\"og:title\" content=\"Wie funktioniert es? - The professional horsefly control system\" \/>\n<meta property=\"og:description\" content=\"&nbsp;\" \/>\n<meta property=\"og:url\" content=\"https:\/\/www.h-trap.net\/de\/wie-funktioniert-es\/\" \/>\n<meta property=\"og:site_name\" content=\"The professional horsefly control system\" \/>\n<meta property=\"article:modified_time\" content=\"2026-04-21T14:33:09+00:00\" \/>\n<meta property=\"og:image\" content=\"https:\/\/www.h-trap.net\/wp-content\/uploads\/2026\/04\/H-trap-blue_stable-homepage-h-trap.jpg\" \/>\n\t<meta property=\"og:image:width\" content=\"2560\" \/>\n\t<meta property=\"og:image:height\" content=\"1002\" \/>\n\t<meta property=\"og:image:type\" content=\"image\/jpeg\" \/>\n<meta name=\"twitter:card\" content=\"summary_large_image\" \/>\n<meta name=\"twitter:label1\" content=\"Gesch\u00e4tzte Lesezeit\" \/>\n\t<meta name=\"twitter:data1\" content=\"3\u00a0Minuten\" \/>\n<script type=\"application\/ld+json\" class=\"yoast-schema-graph\">{\"@context\":\"https:\\\/\\\/schema.org\",\"@graph\":[{\"@type\":\"WebPage\",\"@id\":\"https:\\\/\\\/www.h-trap.net\\\/de\\\/wie-funktioniert-es\\\/\",\"url\":\"https:\\\/\\\/www.h-trap.net\\\/de\\\/wie-funktioniert-es\\\/\",\"name\":\"Wie funktioniert es? - The professional horsefly control system\",\"isPartOf\":{\"@id\":\"https:\\\/\\\/www.h-trap.net\\\/#website\"},\"primaryImageOfPage\":{\"@id\":\"https:\\\/\\\/www.h-trap.net\\\/de\\\/wie-funktioniert-es\\\/#primaryimage\"},\"image\":{\"@id\":\"https:\\\/\\\/www.h-trap.net\\\/de\\\/wie-funktioniert-es\\\/#primaryimage\"},\"thumbnailUrl\":\"https:\\\/\\\/www.h-trap.net\\\/wp-content\\\/uploads\\\/2026\\\/04\\\/H-trap-blue_stable-homepage-h-trap.jpg\",\"datePublished\":\"2017-01-03T12:22:56+00:00\",\"dateModified\":\"2026-04-21T14:33:09+00:00\",\"breadcrumb\":{\"@id\":\"https:\\\/\\\/www.h-trap.net\\\/de\\\/wie-funktioniert-es\\\/#breadcrumb\"},\"inLanguage\":\"de\",\"potentialAction\":[{\"@type\":\"ReadAction\",\"target\":[\"https:\\\/\\\/www.h-trap.net\\\/de\\\/wie-funktioniert-es\\\/\"]}]},{\"@type\":\"ImageObject\",\"inLanguage\":\"de\",\"@id\":\"https:\\\/\\\/www.h-trap.net\\\/de\\\/wie-funktioniert-es\\\/#primaryimage\",\"url\":\"https:\\\/\\\/www.h-trap.net\\\/wp-content\\\/uploads\\\/2026\\\/04\\\/H-trap-blue_stable-homepage-h-trap.jpg\",\"contentUrl\":\"https:\\\/\\\/www.h-trap.net\\\/wp-content\\\/uploads\\\/2026\\\/04\\\/H-trap-blue_stable-homepage-h-trap.jpg\"},{\"@type\":\"BreadcrumbList\",\"@id\":\"https:\\\/\\\/www.h-trap.net\\\/de\\\/wie-funktioniert-es\\\/#breadcrumb\",\"itemListElement\":[{\"@type\":\"ListItem\",\"position\":1,\"name\":\"Home\",\"item\":\"https:\\\/\\\/www.h-trap.net\\\/de\\\/\"},{\"@type\":\"ListItem\",\"position\":2,\"name\":\"Wie funktioniert es?\"}]},{\"@type\":\"WebSite\",\"@id\":\"https:\\\/\\\/www.h-trap.net\\\/#website\",\"url\":\"https:\\\/\\\/www.h-trap.net\\\/\",\"name\":\"The professional horsefly control system\",\"description\":\"\",\"publisher\":{\"@id\":\"https:\\\/\\\/www.h-trap.net\\\/#organization\"},\"potentialAction\":[{\"@type\":\"SearchAction\",\"target\":{\"@type\":\"EntryPoint\",\"urlTemplate\":\"https:\\\/\\\/www.h-trap.net\\\/?s={search_term_string}\"},\"query-input\":{\"@type\":\"PropertyValueSpecification\",\"valueRequired\":true,\"valueName\":\"search_term_string\"}}],\"inLanguage\":\"de\"},{\"@type\":\"Organization\",\"@id\":\"https:\\\/\\\/www.h-trap.net\\\/#organization\",\"name\":\"The professional horsefly control system\",\"url\":\"https:\\\/\\\/www.h-trap.net\\\/\",\"logo\":{\"@type\":\"ImageObject\",\"inLanguage\":\"de\",\"@id\":\"https:\\\/\\\/www.h-trap.net\\\/#\\\/schema\\\/logo\\\/image\\\/\",\"url\":\"https:\\\/\\\/www.h-trap.net\\\/wp-content\\\/uploads\\\/2019\\\/04\\\/H-trap_logo.jpg\",\"contentUrl\":\"https:\\\/\\\/www.h-trap.net\\\/wp-content\\\/uploads\\\/2019\\\/04\\\/H-trap_logo.jpg\",\"width\":250,\"height\":92,\"caption\":\"The professional horsefly control system\"},\"image\":{\"@id\":\"https:\\\/\\\/www.h-trap.net\\\/#\\\/schema\\\/logo\\\/image\\\/\"}}]}<\/script>\n<!-- \/ Yoast SEO plugin. -->","yoast_head_json":{"title":"Wie funktioniert es? - The professional horsefly control system","robots":{"index":"index","follow":"follow","max-snippet":"max-snippet:-1","max-image-preview":"max-image-preview:large","max-video-preview":"max-video-preview:-1"},"canonical":"https:\/\/www.h-trap.net\/de\/wie-funktioniert-es\/","og_locale":"de_DE","og_type":"article","og_title":"Wie funktioniert es? - The professional horsefly control system","og_description":"&nbsp;","og_url":"https:\/\/www.h-trap.net\/de\/wie-funktioniert-es\/","og_site_name":"The professional horsefly control system","article_modified_time":"2026-04-21T14:33:09+00:00","og_image":[{"width":2560,"height":1002,"url":"https:\/\/www.h-trap.net\/wp-content\/uploads\/2026\/04\/H-trap-blue_stable-homepage-h-trap.jpg","type":"image\/jpeg"}],"twitter_card":"summary_large_image","twitter_misc":{"Gesch\u00e4tzte Lesezeit":"3\u00a0Minuten"},"schema":{"@context":"https:\/\/schema.org","@graph":[{"@type":"WebPage","@id":"https:\/\/www.h-trap.net\/de\/wie-funktioniert-es\/","url":"https:\/\/www.h-trap.net\/de\/wie-funktioniert-es\/","name":"Wie funktioniert es? - The professional horsefly control system","isPartOf":{"@id":"https:\/\/www.h-trap.net\/#website"},"primaryImageOfPage":{"@id":"https:\/\/www.h-trap.net\/de\/wie-funktioniert-es\/#primaryimage"},"image":{"@id":"https:\/\/www.h-trap.net\/de\/wie-funktioniert-es\/#primaryimage"},"thumbnailUrl":"https:\/\/www.h-trap.net\/wp-content\/uploads\/2026\/04\/H-trap-blue_stable-homepage-h-trap.jpg","datePublished":"2017-01-03T12:22:56+00:00","dateModified":"2026-04-21T14:33:09+00:00","breadcrumb":{"@id":"https:\/\/www.h-trap.net\/de\/wie-funktioniert-es\/#breadcrumb"},"inLanguage":"de","potentialAction":[{"@type":"ReadAction","target":["https:\/\/www.h-trap.net\/de\/wie-funktioniert-es\/"]}]},{"@type":"ImageObject","inLanguage":"de","@id":"https:\/\/www.h-trap.net\/de\/wie-funktioniert-es\/#primaryimage","url":"https:\/\/www.h-trap.net\/wp-content\/uploads\/2026\/04\/H-trap-blue_stable-homepage-h-trap.jpg","contentUrl":"https:\/\/www.h-trap.net\/wp-content\/uploads\/2026\/04\/H-trap-blue_stable-homepage-h-trap.jpg"},{"@type":"BreadcrumbList","@id":"https:\/\/www.h-trap.net\/de\/wie-funktioniert-es\/#breadcrumb","itemListElement":[{"@type":"ListItem","position":1,"name":"Home","item":"https:\/\/www.h-trap.net\/de\/"},{"@type":"ListItem","position":2,"name":"Wie funktioniert es?"}]},{"@type":"WebSite","@id":"https:\/\/www.h-trap.net\/#website","url":"https:\/\/www.h-trap.net\/","name":"The professional horsefly control system","description":"","publisher":{"@id":"https:\/\/www.h-trap.net\/#organization"},"potentialAction":[{"@type":"SearchAction","target":{"@type":"EntryPoint","urlTemplate":"https:\/\/www.h-trap.net\/?s={search_term_string}"},"query-input":{"@type":"PropertyValueSpecification","valueRequired":true,"valueName":"search_term_string"}}],"inLanguage":"de"},{"@type":"Organization","@id":"https:\/\/www.h-trap.net\/#organization","name":"The professional horsefly control system","url":"https:\/\/www.h-trap.net\/","logo":{"@type":"ImageObject","inLanguage":"de","@id":"https:\/\/www.h-trap.net\/#\/schema\/logo\/image\/","url":"https:\/\/www.h-trap.net\/wp-content\/uploads\/2019\/04\/H-trap_logo.jpg","contentUrl":"https:\/\/www.h-trap.net\/wp-content\/uploads\/2019\/04\/H-trap_logo.jpg","width":250,"height":92,"caption":"The professional horsefly control system"},"image":{"@id":"https:\/\/www.h-trap.net\/#\/schema\/logo\/image\/"}}]}},"_links":{"self":[{"href":"https:\/\/www.h-trap.net\/de\/wp-json\/wp\/v2\/pages\/580","targetHints":{"allow":["GET"]}}],"collection":[{"href":"https:\/\/www.h-trap.net\/de\/wp-json\/wp\/v2\/pages"}],"about":[{"href":"https:\/\/www.h-trap.net\/de\/wp-json\/wp\/v2\/types\/page"}],"author":[{"embeddable":true,"href":"https:\/\/www.h-trap.net\/de\/wp-json\/wp\/v2\/users\/1"}],"replies":[{"embeddable":true,"href":"https:\/\/www.h-trap.net\/de\/wp-json\/wp\/v2\/comments?post=580"}],"version-history":[{"count":7,"href":"https:\/\/www.h-trap.net\/de\/wp-json\/wp\/v2\/pages\/580\/revisions"}],"predecessor-version":[{"id":4233,"href":"https:\/\/www.h-trap.net\/de\/wp-json\/wp\/v2\/pages\/580\/revisions\/4233"}],"wp:attachment":[{"href":"https:\/\/www.h-trap.net\/de\/wp-json\/wp\/v2\/media?parent=580"}],"curies":[{"name":"wp","href":"https:\/\/api.w.org\/{rel}","templated":true}]}}