{"id":559,"date":"2017-01-03T13:20:45","date_gmt":"2017-01-03T12:20:45","guid":{"rendered":"http:\/\/www.h-trap.net\/?page_id=559\/"},"modified":"2018-04-04T11:45:46","modified_gmt":"2018-04-04T09:45:46","slug":"einsatzgebiet","status":"publish","type":"page","link":"https:\/\/www.h-trap.net\/de\/einsatzgebiet\/","title":{"rendered":"Einsatzgebiet"},"content":{"rendered":"<h2><img fetchpriority=\"high\" decoding=\"async\" class=\"alignnone wp-image-155\" src=\"http:\/\/www.h-trap.net\/wp-content\/uploads\/2016\/04\/Golf_1024x400_46633423-1024x400.jpg\" alt=\"Golf_1024x400_46633423\" width=\"1040\" height=\"406\" srcset=\"https:\/\/www.h-trap.net\/wp-content\/uploads\/2016\/04\/Golf_1024x400_46633423-1024x400.jpg 1024w, https:\/\/www.h-trap.net\/wp-content\/uploads\/2016\/04\/Golf_1024x400_46633423-300x117.jpg 300w, https:\/\/www.h-trap.net\/wp-content\/uploads\/2016\/04\/Golf_1024x400_46633423-768x300.jpg 768w, https:\/\/www.h-trap.net\/wp-content\/uploads\/2016\/04\/Golf_1024x400_46633423.jpg 1771w\" sizes=\"(max-width: 1040px) 100vw, 1040px\" \/><\/h2>\n<h2>Einsatzgebiet<\/h2>\n<div class=\"row clearfix\">\n<div class=\"box two \">\n<p><strong>Diese Bedingungen findet man oft bei:<\/strong><\/p>\n<ul>\n<li>Reitschulen<\/li>\n<li>Viehst\u00e4llen<\/li>\n<li>Golfbahnen, Garten &amp; (Wasser) Parkanlagen<\/li>\n<li>Vergn\u00fcgungsparks<\/li>\n<li>Seen und entlang von See- und Flussufern<\/li>\n<\/ul>\n<h2>Die H-Falle ist durch folgende Eigenschaften ausgezeichnet:<\/h2>\n<ul>\n<li>Feuerverzinkte Konstruktion.<\/li>\n<li>Wetterfester Entwurf.<\/li>\n<li>Reduziert die Bremsenpopulation in direkter N\u00e4he erheblich.<\/li>\n<li>Einfache Installation mittels integriertem Bodenbohrer.<\/li>\n<li>Umweltfreundlich.<\/li>\n<li>Der ergonomische Entwurf erm\u00f6glicht die einfache Bedienung der Falle.<\/li>\n<li>Wirksamer und einfacher Fang der Bremsen.<\/li>\n<li>Ein Jahr Garantie auf mechanische Teile<\/li>\n<\/ul>\n<\/div>\n<div class=\"box two \">\n<p><img decoding=\"async\" class=\"alignright size-full wp-image-388\" src=\"http:\/\/www.h-trap.net\/wp-content\/uploads\/2016\/04\/saint-ana-lake_387x189px.jpg\" alt=\"saint-ana-lake_387x189px\" width=\"387\" height=\"189\" srcset=\"https:\/\/www.h-trap.net\/wp-content\/uploads\/2016\/04\/saint-ana-lake_387x189px.jpg 387w, https:\/\/www.h-trap.net\/wp-content\/uploads\/2016\/04\/saint-ana-lake_387x189px-300x147.jpg 300w\" sizes=\"(max-width: 387px) 100vw, 387px\" \/><\/p>\n<p><img decoding=\"async\" class=\"size-full wp-image-387 alignright\" src=\"http:\/\/www.h-trap.net\/wp-content\/uploads\/2016\/04\/brown-horses_387x189px.jpg\" alt=\"brown-horses_387x189px\" width=\"387\" height=\"189\" srcset=\"https:\/\/www.h-trap.net\/wp-content\/uploads\/2016\/04\/brown-horses_387x189px.jpg 387w, https:\/\/www.h-trap.net\/wp-content\/uploads\/2016\/04\/brown-horses_387x189px-300x147.jpg 300w\" sizes=\"(max-width: 387px) 100vw, 387px\" \/><\/p>\n<\/div>\n<\/div>\n\n\t\t<blockquote class=\"pullquote alignleft\" data-rt-animate=\"animate\" data-rt-animation-type=\"fadeInDown\" data-rt-animation-group=\"single\">\n<p>Bremsen sind eine unabl\u00e4ssige Plage. Sie sind besonders aktiv zwischen Mai und Oktober in der n\u00f6rdlichen Hemisph\u00e4re..<\/p>\n<\/blockquote>\n\t\n<p>&nbsp;<\/p>\n","protected":false},"excerpt":{"rendered":"<p>Einsatzgebiet &nbsp;<\/p>\n","protected":false},"author":1,"featured_media":0,"parent":0,"menu_order":0,"comment_status":"closed","ping_status":"closed","template":"","meta":{"footnotes":""},"class_list":["post-559","page","type-page","status-publish","hentry"],"yoast_head":"<!-- This site is optimized with the Yoast SEO plugin v27.4 - https:\/\/yoast.com\/product\/yoast-seo-wordpress\/ -->\n<title>Einsatzgebiet - The professional horsefly control system<\/title>\n<meta name=\"robots\" content=\"index, follow, max-snippet:-1, max-image-preview:large, max-video-preview:-1\" \/>\n<link rel=\"canonical\" href=\"https:\/\/www.h-trap.net\/de\/einsatzgebiet\/\" \/>\n<meta property=\"og:locale\" content=\"de_DE\" \/>\n<meta property=\"og:type\" content=\"article\" \/>\n<meta property=\"og:title\" content=\"Einsatzgebiet - The professional horsefly control system\" \/>\n<meta property=\"og:description\" content=\"Einsatzgebiet &nbsp;\" \/>\n<meta property=\"og:url\" content=\"https:\/\/www.h-trap.net\/de\/einsatzgebiet\/\" \/>\n<meta property=\"og:site_name\" content=\"The professional horsefly control system\" \/>\n<meta property=\"article:modified_time\" content=\"2018-04-04T09:45:46+00:00\" \/>\n<meta property=\"og:image\" content=\"http:\/\/www.h-trap.net\/wp-content\/uploads\/2016\/04\/Golf_1024x400_46633423-1024x400.jpg\" \/>\n<meta name=\"twitter:card\" content=\"summary_large_image\" \/>\n<meta name=\"twitter:label1\" content=\"Gesch\u00e4tzte Lesezeit\" \/>\n\t<meta name=\"twitter:data1\" content=\"1\u00a0Minute\" \/>\n<script type=\"application\/ld+json\" class=\"yoast-schema-graph\">{\"@context\":\"https:\\\/\\\/schema.org\",\"@graph\":[{\"@type\":\"WebPage\",\"@id\":\"https:\\\/\\\/www.h-trap.net\\\/de\\\/einsatzgebiet\\\/\",\"url\":\"https:\\\/\\\/www.h-trap.net\\\/de\\\/einsatzgebiet\\\/\",\"name\":\"Einsatzgebiet - The professional horsefly control system\",\"isPartOf\":{\"@id\":\"https:\\\/\\\/www.h-trap.net\\\/#website\"},\"primaryImageOfPage\":{\"@id\":\"https:\\\/\\\/www.h-trap.net\\\/de\\\/einsatzgebiet\\\/#primaryimage\"},\"image\":{\"@id\":\"https:\\\/\\\/www.h-trap.net\\\/de\\\/einsatzgebiet\\\/#primaryimage\"},\"thumbnailUrl\":\"http:\\\/\\\/www.h-trap.net\\\/wp-content\\\/uploads\\\/2016\\\/04\\\/Golf_1024x400_46633423-1024x400.jpg\",\"datePublished\":\"2017-01-03T12:20:45+00:00\",\"dateModified\":\"2018-04-04T09:45:46+00:00\",\"breadcrumb\":{\"@id\":\"https:\\\/\\\/www.h-trap.net\\\/de\\\/einsatzgebiet\\\/#breadcrumb\"},\"inLanguage\":\"de\",\"potentialAction\":[{\"@type\":\"ReadAction\",\"target\":[\"https:\\\/\\\/www.h-trap.net\\\/de\\\/einsatzgebiet\\\/\"]}]},{\"@type\":\"ImageObject\",\"inLanguage\":\"de\",\"@id\":\"https:\\\/\\\/www.h-trap.net\\\/de\\\/einsatzgebiet\\\/#primaryimage\",\"url\":\"http:\\\/\\\/www.h-trap.net\\\/wp-content\\\/uploads\\\/2016\\\/04\\\/Golf_1024x400_46633423-1024x400.jpg\",\"contentUrl\":\"http:\\\/\\\/www.h-trap.net\\\/wp-content\\\/uploads\\\/2016\\\/04\\\/Golf_1024x400_46633423-1024x400.jpg\"},{\"@type\":\"BreadcrumbList\",\"@id\":\"https:\\\/\\\/www.h-trap.net\\\/de\\\/einsatzgebiet\\\/#breadcrumb\",\"itemListElement\":[{\"@type\":\"ListItem\",\"position\":1,\"name\":\"Home\",\"item\":\"https:\\\/\\\/www.h-trap.net\\\/de\\\/\"},{\"@type\":\"ListItem\",\"position\":2,\"name\":\"Einsatzgebiet\"}]},{\"@type\":\"WebSite\",\"@id\":\"https:\\\/\\\/www.h-trap.net\\\/#website\",\"url\":\"https:\\\/\\\/www.h-trap.net\\\/\",\"name\":\"The professional horsefly control system\",\"description\":\"\",\"publisher\":{\"@id\":\"https:\\\/\\\/www.h-trap.net\\\/#organization\"},\"potentialAction\":[{\"@type\":\"SearchAction\",\"target\":{\"@type\":\"EntryPoint\",\"urlTemplate\":\"https:\\\/\\\/www.h-trap.net\\\/?s={search_term_string}\"},\"query-input\":{\"@type\":\"PropertyValueSpecification\",\"valueRequired\":true,\"valueName\":\"search_term_string\"}}],\"inLanguage\":\"de\"},{\"@type\":\"Organization\",\"@id\":\"https:\\\/\\\/www.h-trap.net\\\/#organization\",\"name\":\"The professional horsefly control system\",\"url\":\"https:\\\/\\\/www.h-trap.net\\\/\",\"logo\":{\"@type\":\"ImageObject\",\"inLanguage\":\"de\",\"@id\":\"https:\\\/\\\/www.h-trap.net\\\/#\\\/schema\\\/logo\\\/image\\\/\",\"url\":\"https:\\\/\\\/www.h-trap.net\\\/wp-content\\\/uploads\\\/2019\\\/04\\\/H-trap_logo.jpg\",\"contentUrl\":\"https:\\\/\\\/www.h-trap.net\\\/wp-content\\\/uploads\\\/2019\\\/04\\\/H-trap_logo.jpg\",\"width\":250,\"height\":92,\"caption\":\"The professional horsefly control system\"},\"image\":{\"@id\":\"https:\\\/\\\/www.h-trap.net\\\/#\\\/schema\\\/logo\\\/image\\\/\"}}]}<\/script>\n<!-- \/ Yoast SEO plugin. -->","yoast_head_json":{"title":"Einsatzgebiet - The professional horsefly control system","robots":{"index":"index","follow":"follow","max-snippet":"max-snippet:-1","max-image-preview":"max-image-preview:large","max-video-preview":"max-video-preview:-1"},"canonical":"https:\/\/www.h-trap.net\/de\/einsatzgebiet\/","og_locale":"de_DE","og_type":"article","og_title":"Einsatzgebiet - The professional horsefly control system","og_description":"Einsatzgebiet &nbsp;","og_url":"https:\/\/www.h-trap.net\/de\/einsatzgebiet\/","og_site_name":"The professional horsefly control system","article_modified_time":"2018-04-04T09:45:46+00:00","og_image":[{"url":"http:\/\/www.h-trap.net\/wp-content\/uploads\/2016\/04\/Golf_1024x400_46633423-1024x400.jpg","type":"","width":"","height":""}],"twitter_card":"summary_large_image","twitter_misc":{"Gesch\u00e4tzte Lesezeit":"1\u00a0Minute"},"schema":{"@context":"https:\/\/schema.org","@graph":[{"@type":"WebPage","@id":"https:\/\/www.h-trap.net\/de\/einsatzgebiet\/","url":"https:\/\/www.h-trap.net\/de\/einsatzgebiet\/","name":"Einsatzgebiet - The professional horsefly control system","isPartOf":{"@id":"https:\/\/www.h-trap.net\/#website"},"primaryImageOfPage":{"@id":"https:\/\/www.h-trap.net\/de\/einsatzgebiet\/#primaryimage"},"image":{"@id":"https:\/\/www.h-trap.net\/de\/einsatzgebiet\/#primaryimage"},"thumbnailUrl":"http:\/\/www.h-trap.net\/wp-content\/uploads\/2016\/04\/Golf_1024x400_46633423-1024x400.jpg","datePublished":"2017-01-03T12:20:45+00:00","dateModified":"2018-04-04T09:45:46+00:00","breadcrumb":{"@id":"https:\/\/www.h-trap.net\/de\/einsatzgebiet\/#breadcrumb"},"inLanguage":"de","potentialAction":[{"@type":"ReadAction","target":["https:\/\/www.h-trap.net\/de\/einsatzgebiet\/"]}]},{"@type":"ImageObject","inLanguage":"de","@id":"https:\/\/www.h-trap.net\/de\/einsatzgebiet\/#primaryimage","url":"http:\/\/www.h-trap.net\/wp-content\/uploads\/2016\/04\/Golf_1024x400_46633423-1024x400.jpg","contentUrl":"http:\/\/www.h-trap.net\/wp-content\/uploads\/2016\/04\/Golf_1024x400_46633423-1024x400.jpg"},{"@type":"BreadcrumbList","@id":"https:\/\/www.h-trap.net\/de\/einsatzgebiet\/#breadcrumb","itemListElement":[{"@type":"ListItem","position":1,"name":"Home","item":"https:\/\/www.h-trap.net\/de\/"},{"@type":"ListItem","position":2,"name":"Einsatzgebiet"}]},{"@type":"WebSite","@id":"https:\/\/www.h-trap.net\/#website","url":"https:\/\/www.h-trap.net\/","name":"The professional horsefly control system","description":"","publisher":{"@id":"https:\/\/www.h-trap.net\/#organization"},"potentialAction":[{"@type":"SearchAction","target":{"@type":"EntryPoint","urlTemplate":"https:\/\/www.h-trap.net\/?s={search_term_string}"},"query-input":{"@type":"PropertyValueSpecification","valueRequired":true,"valueName":"search_term_string"}}],"inLanguage":"de"},{"@type":"Organization","@id":"https:\/\/www.h-trap.net\/#organization","name":"The professional horsefly control system","url":"https:\/\/www.h-trap.net\/","logo":{"@type":"ImageObject","inLanguage":"de","@id":"https:\/\/www.h-trap.net\/#\/schema\/logo\/image\/","url":"https:\/\/www.h-trap.net\/wp-content\/uploads\/2019\/04\/H-trap_logo.jpg","contentUrl":"https:\/\/www.h-trap.net\/wp-content\/uploads\/2019\/04\/H-trap_logo.jpg","width":250,"height":92,"caption":"The professional horsefly control system"},"image":{"@id":"https:\/\/www.h-trap.net\/#\/schema\/logo\/image\/"}}]}},"_links":{"self":[{"href":"https:\/\/www.h-trap.net\/de\/wp-json\/wp\/v2\/pages\/559","targetHints":{"allow":["GET"]}}],"collection":[{"href":"https:\/\/www.h-trap.net\/de\/wp-json\/wp\/v2\/pages"}],"about":[{"href":"https:\/\/www.h-trap.net\/de\/wp-json\/wp\/v2\/types\/page"}],"author":[{"embeddable":true,"href":"https:\/\/www.h-trap.net\/de\/wp-json\/wp\/v2\/users\/1"}],"replies":[{"embeddable":true,"href":"https:\/\/www.h-trap.net\/de\/wp-json\/wp\/v2\/comments?post=559"}],"version-history":[{"count":2,"href":"https:\/\/www.h-trap.net\/de\/wp-json\/wp\/v2\/pages\/559\/revisions"}],"predecessor-version":[{"id":723,"href":"https:\/\/www.h-trap.net\/de\/wp-json\/wp\/v2\/pages\/559\/revisions\/723"}],"wp:attachment":[{"href":"https:\/\/www.h-trap.net\/de\/wp-json\/wp\/v2\/media?parent=559"}],"curies":[{"name":"wp","href":"https:\/\/api.w.org\/{rel}","templated":true}]}}